{"id":11,"date":"2015-07-05T14:21:19","date_gmt":"2015-07-05T12:21:19","guid":{"rendered":"http:\/\/trigonometrie.bplaced.net\/blog\/?page_id=11"},"modified":"2015-10-09T15:05:27","modified_gmt":"2015-10-09T13:05:27","slug":"arduino","status":"publish","type":"page","link":"http:\/\/trigonometrie.bplaced.net\/blog\/arduino\/","title":{"rendered":"Arduino"},"content":{"rendered":"<h2>terrorBot<\/h2>\n<p>terrorBot ist ein eigens konzeptionierter und entwickelter Roboter zur Fernsteuerung der Sounds eines Orange Dark Terror<br \/>\nGitarrrenverst\u00e4rkers durch Ver\u00e4ndern der Position der drei Drehkn\u00f6pfe (Lautst\u00e4rke, Klangfarbe und Verzerrung).<br \/>\nZiel war es, unter der Benutzung von g\u00fcnstigsten Materialien ein Ger\u00e4t zu schaffen, welches stabil und zuverl\u00e4ssig<br \/>\ndie Nutzungsweise des Verst\u00e4rkers erweitert.<\/p>\n\n\t\t<style type=\"text\/css\">\n\t\t\t#gallery-1 {\n\t\t\t\tmargin: auto;\n\t\t\t}\n\t\t\t#gallery-1 .gallery-item {\n\t\t\t\tfloat: left;\n\t\t\t\tmargin-top: 10px;\n\t\t\t\ttext-align: center;\n\t\t\t\twidth: 16%;\n\t\t\t}\n\t\t\t#gallery-1 img {\n\t\t\t\tborder: 2px solid #cfcfcf;\n\t\t\t}\n\t\t\t#gallery-1 .gallery-caption {\n\t\t\t\tmargin-left: 0;\n\t\t\t}\n\t\t\t\/* see gallery_shortcode() in wp-includes\/media.php *\/\n\t\t<\/style>\n\t\t<div id='gallery-1' class='gallery galleryid-11 gallery-columns-6 gallery-size-thumbnail'><span class='gallery-item'>\n\t\t\t<dt class='gallery-icon landscape'>\n\t\t\t\t<a href='http:\/\/trigonometrie.bplaced.net\/blog\/wp-content\/uploads\/2015\/10\/tbot_004.jpg'><img loading=\"lazy\" decoding=\"async\" width=\"144\" height=\"144\" src=\"http:\/\/trigonometrie.bplaced.net\/blog\/wp-content\/uploads\/2015\/10\/tbot_004-150x150.jpg\" class=\"attachment-thumbnail size-thumbnail\" alt=\"\" srcset=\"http:\/\/trigonometrie.bplaced.net\/blog\/wp-content\/uploads\/2015\/10\/tbot_004-150x150.jpg 150w, http:\/\/trigonometrie.bplaced.net\/blog\/wp-content\/uploads\/2015\/10\/tbot_004-53x53.jpg 53w, http:\/\/trigonometrie.bplaced.net\/blog\/wp-content\/uploads\/2015\/10\/tbot_004-570x570.jpg 570w, http:\/\/trigonometrie.bplaced.net\/blog\/wp-content\/uploads\/2015\/10\/tbot_004-380x380.jpg 380w, http:\/\/trigonometrie.bplaced.net\/blog\/wp-content\/uploads\/2015\/10\/tbot_004-285x285.jpg 285w\" sizes=\"(max-width: 144px) 100vw, 144px\" \/><\/a>\n\t\t\t<\/dt><\/span><span class='gallery-item'>\n\t\t\t<dt class='gallery-icon landscape'>\n\t\t\t\t<a href='http:\/\/trigonometrie.bplaced.net\/blog\/wp-content\/uploads\/2015\/10\/tbot_005.jpg'><img loading=\"lazy\" decoding=\"async\" width=\"144\" height=\"144\" src=\"http:\/\/trigonometrie.bplaced.net\/blog\/wp-content\/uploads\/2015\/10\/tbot_005-150x150.jpg\" class=\"attachment-thumbnail size-thumbnail\" alt=\"\" srcset=\"http:\/\/trigonometrie.bplaced.net\/blog\/wp-content\/uploads\/2015\/10\/tbot_005-150x150.jpg 150w, http:\/\/trigonometrie.bplaced.net\/blog\/wp-content\/uploads\/2015\/10\/tbot_005-53x53.jpg 53w, http:\/\/trigonometrie.bplaced.net\/blog\/wp-content\/uploads\/2015\/10\/tbot_005-570x570.jpg 570w, http:\/\/trigonometrie.bplaced.net\/blog\/wp-content\/uploads\/2015\/10\/tbot_005-380x380.jpg 380w, http:\/\/trigonometrie.bplaced.net\/blog\/wp-content\/uploads\/2015\/10\/tbot_005-285x285.jpg 285w\" sizes=\"(max-width: 144px) 100vw, 144px\" \/><\/a>\n\t\t\t<\/dt><\/span><span class='gallery-item'>\n\t\t\t<dt class='gallery-icon landscape'>\n\t\t\t\t<a href='http:\/\/trigonometrie.bplaced.net\/blog\/wp-content\/uploads\/2015\/10\/tbot_003.jpg'><img loading=\"lazy\" decoding=\"async\" width=\"144\" height=\"144\" src=\"http:\/\/trigonometrie.bplaced.net\/blog\/wp-content\/uploads\/2015\/10\/tbot_003-150x150.jpg\" class=\"attachment-thumbnail size-thumbnail\" alt=\"\" srcset=\"http:\/\/trigonometrie.bplaced.net\/blog\/wp-content\/uploads\/2015\/10\/tbot_003-150x150.jpg 150w, http:\/\/trigonometrie.bplaced.net\/blog\/wp-content\/uploads\/2015\/10\/tbot_003-53x53.jpg 53w, http:\/\/trigonometrie.bplaced.net\/blog\/wp-content\/uploads\/2015\/10\/tbot_003-570x570.jpg 570w, http:\/\/trigonometrie.bplaced.net\/blog\/wp-content\/uploads\/2015\/10\/tbot_003-380x380.jpg 380w, http:\/\/trigonometrie.bplaced.net\/blog\/wp-content\/uploads\/2015\/10\/tbot_003-285x285.jpg 285w\" sizes=\"(max-width: 144px) 100vw, 144px\" \/><\/a>\n\t\t\t<\/dt><\/span><span class='gallery-item'>\n\t\t\t<dt class='gallery-icon landscape'>\n\t\t\t\t<a href='http:\/\/trigonometrie.bplaced.net\/blog\/wp-content\/uploads\/2015\/10\/tbot_010.jpg'><img loading=\"lazy\" decoding=\"async\" width=\"144\" height=\"144\" src=\"http:\/\/trigonometrie.bplaced.net\/blog\/wp-content\/uploads\/2015\/10\/tbot_010-150x150.jpg\" class=\"attachment-thumbnail size-thumbnail\" alt=\"\" srcset=\"http:\/\/trigonometrie.bplaced.net\/blog\/wp-content\/uploads\/2015\/10\/tbot_010-150x150.jpg 150w, http:\/\/trigonometrie.bplaced.net\/blog\/wp-content\/uploads\/2015\/10\/tbot_010-53x53.jpg 53w, http:\/\/trigonometrie.bplaced.net\/blog\/wp-content\/uploads\/2015\/10\/tbot_010-570x570.jpg 570w, http:\/\/trigonometrie.bplaced.net\/blog\/wp-content\/uploads\/2015\/10\/tbot_010-380x380.jpg 380w, http:\/\/trigonometrie.bplaced.net\/blog\/wp-content\/uploads\/2015\/10\/tbot_010-285x285.jpg 285w\" sizes=\"(max-width: 144px) 100vw, 144px\" \/><\/a>\n\t\t\t<\/dt><\/span><span class='gallery-item'>\n\t\t\t<dt class='gallery-icon landscape'>\n\t\t\t\t<a href='http:\/\/trigonometrie.bplaced.net\/blog\/wp-content\/uploads\/2015\/10\/tbot_011.jpg'><img loading=\"lazy\" decoding=\"async\" width=\"144\" height=\"144\" src=\"http:\/\/trigonometrie.bplaced.net\/blog\/wp-content\/uploads\/2015\/10\/tbot_011-150x150.jpg\" class=\"attachment-thumbnail size-thumbnail\" alt=\"\" srcset=\"http:\/\/trigonometrie.bplaced.net\/blog\/wp-content\/uploads\/2015\/10\/tbot_011-150x150.jpg 150w, http:\/\/trigonometrie.bplaced.net\/blog\/wp-content\/uploads\/2015\/10\/tbot_011-53x53.jpg 53w, http:\/\/trigonometrie.bplaced.net\/blog\/wp-content\/uploads\/2015\/10\/tbot_011-570x570.jpg 570w, http:\/\/trigonometrie.bplaced.net\/blog\/wp-content\/uploads\/2015\/10\/tbot_011-380x380.jpg 380w, http:\/\/trigonometrie.bplaced.net\/blog\/wp-content\/uploads\/2015\/10\/tbot_011-285x285.jpg 285w\" sizes=\"(max-width: 144px) 100vw, 144px\" \/><\/a>\n\t\t\t<\/dt><\/span><span class='gallery-item'>\n\t\t\t<dt class='gallery-icon landscape'>\n\t\t\t\t<a href='http:\/\/trigonometrie.bplaced.net\/blog\/wp-content\/uploads\/2015\/10\/tbot_012.jpg'><img loading=\"lazy\" decoding=\"async\" width=\"144\" height=\"144\" src=\"http:\/\/trigonometrie.bplaced.net\/blog\/wp-content\/uploads\/2015\/10\/tbot_012-150x150.jpg\" class=\"attachment-thumbnail size-thumbnail\" alt=\"\" srcset=\"http:\/\/trigonometrie.bplaced.net\/blog\/wp-content\/uploads\/2015\/10\/tbot_012-150x150.jpg 150w, http:\/\/trigonometrie.bplaced.net\/blog\/wp-content\/uploads\/2015\/10\/tbot_012-53x53.jpg 53w, http:\/\/trigonometrie.bplaced.net\/blog\/wp-content\/uploads\/2015\/10\/tbot_012-570x570.jpg 570w, http:\/\/trigonometrie.bplaced.net\/blog\/wp-content\/uploads\/2015\/10\/tbot_012-380x380.jpg 380w, http:\/\/trigonometrie.bplaced.net\/blog\/wp-content\/uploads\/2015\/10\/tbot_012-285x285.jpg 285w\" sizes=\"(max-width: 144px) 100vw, 144px\" \/><\/a>\n\t\t\t<\/dt><\/span><br style=\"clear: both\" \/>\n\t\t<\/div>\n\n<p>Ausf\u00fchrlichere Informationen gibt es auf der <a href=\"http:\/\/trigonometrie.bplaced.net\/blog\/terrorbot\/\">englischsprachigen terrorBot-Seite<\/a> und auf der <a href=\"https:\/\/github.com\/fichl\/terrorBot\" target=\"_blank\">GitHub Porjektseite<\/a>.<br \/>\nAm 09.10.2015 wurch auch <a href=\"http:\/\/hackaday.com\/2015\/10\/09\/controlling-guitar-amps-with-servos\/\" target=\"_blank\">ein Bericht auf Hackaday.com<\/a> \u00fcber dieses Projekt ver\u00f6ffentlicht.<\/p>\n<div style=\"width: 960px;\" class=\"wp-video\"><!--[if lt IE 9]><script>document.createElement('video');<\/script><![endif]-->\n<video class=\"wp-video-shortcode\" id=\"video-11-1\" width=\"960\" height=\"540\" poster=\"http:\/\/trigonometrie.bplaced.net\/blog\/wp-content\/uploads\/2015\/10\/tbot_poster.jpg\" preload=\"metadata\" controls=\"controls\"><source type=\"video\/mp4\" src=\"http:\/\/trigonometrie.bplaced.net\/blog\/wp-content\/uploads\/2015\/10\/terrorBot.mp4?_=1\" \/><a href=\"http:\/\/trigonometrie.bplaced.net\/blog\/wp-content\/uploads\/2015\/10\/terrorBot.mp4\">http:\/\/trigonometrie.bplaced.net\/blog\/wp-content\/uploads\/2015\/10\/terrorBot.mp4<\/a><\/video><\/div>\nBilder aus der Entwicklungsphase:<\/p>\n\n\t\t<style type=\"text\/css\">\n\t\t\t#gallery-2 {\n\t\t\t\tmargin: auto;\n\t\t\t}\n\t\t\t#gallery-2 .gallery-item {\n\t\t\t\tfloat: left;\n\t\t\t\tmargin-top: 10px;\n\t\t\t\ttext-align: center;\n\t\t\t\twidth: 20%;\n\t\t\t}\n\t\t\t#gallery-2 img {\n\t\t\t\tborder: 2px solid #cfcfcf;\n\t\t\t}\n\t\t\t#gallery-2 .gallery-caption {\n\t\t\t\tmargin-left: 0;\n\t\t\t}\n\t\t\t\/* see gallery_shortcode() in wp-includes\/media.php *\/\n\t\t<\/style>\n\t\t<div id='gallery-2' class='gallery galleryid-11 gallery-columns-5 gallery-size-thumbnail'><dl class='gallery-item'>\n\t\t\t<dt class='gallery-icon landscape'>\n\t\t\t\t<a href='http:\/\/trigonometrie.bplaced.net\/blog\/wp-content\/uploads\/2015\/10\/tbot_006.jpg'><img loading=\"lazy\" decoding=\"async\" width=\"144\" height=\"144\" src=\"http:\/\/trigonometrie.bplaced.net\/blog\/wp-content\/uploads\/2015\/10\/tbot_006-150x150.jpg\" class=\"attachment-thumbnail size-thumbnail\" alt=\"\" srcset=\"http:\/\/trigonometrie.bplaced.net\/blog\/wp-content\/uploads\/2015\/10\/tbot_006-150x150.jpg 150w, http:\/\/trigonometrie.bplaced.net\/blog\/wp-content\/uploads\/2015\/10\/tbot_006-53x53.jpg 53w, http:\/\/trigonometrie.bplaced.net\/blog\/wp-content\/uploads\/2015\/10\/tbot_006-570x570.jpg 570w, http:\/\/trigonometrie.bplaced.net\/blog\/wp-content\/uploads\/2015\/10\/tbot_006-380x380.jpg 380w, http:\/\/trigonometrie.bplaced.net\/blog\/wp-content\/uploads\/2015\/10\/tbot_006-285x285.jpg 285w\" sizes=\"(max-width: 144px) 100vw, 144px\" \/><\/a>\n\t\t\t<\/dt><\/dl><dl class='gallery-item'>\n\t\t\t<dt class='gallery-icon landscape'>\n\t\t\t\t<a href='http:\/\/trigonometrie.bplaced.net\/blog\/wp-content\/uploads\/2015\/10\/tbot_007.jpg'><img loading=\"lazy\" decoding=\"async\" width=\"144\" height=\"144\" src=\"http:\/\/trigonometrie.bplaced.net\/blog\/wp-content\/uploads\/2015\/10\/tbot_007-150x150.jpg\" class=\"attachment-thumbnail size-thumbnail\" alt=\"\" srcset=\"http:\/\/trigonometrie.bplaced.net\/blog\/wp-content\/uploads\/2015\/10\/tbot_007-150x150.jpg 150w, http:\/\/trigonometrie.bplaced.net\/blog\/wp-content\/uploads\/2015\/10\/tbot_007-53x53.jpg 53w, http:\/\/trigonometrie.bplaced.net\/blog\/wp-content\/uploads\/2015\/10\/tbot_007-570x570.jpg 570w, http:\/\/trigonometrie.bplaced.net\/blog\/wp-content\/uploads\/2015\/10\/tbot_007-380x380.jpg 380w, http:\/\/trigonometrie.bplaced.net\/blog\/wp-content\/uploads\/2015\/10\/tbot_007-285x285.jpg 285w\" sizes=\"(max-width: 144px) 100vw, 144px\" \/><\/a>\n\t\t\t<\/dt><\/dl><dl class='gallery-item'>\n\t\t\t<dt class='gallery-icon landscape'>\n\t\t\t\t<a href='http:\/\/trigonometrie.bplaced.net\/blog\/wp-content\/uploads\/2015\/10\/tbot_001.jpg'><img loading=\"lazy\" decoding=\"async\" width=\"144\" height=\"144\" src=\"http:\/\/trigonometrie.bplaced.net\/blog\/wp-content\/uploads\/2015\/10\/tbot_001-150x150.jpg\" class=\"attachment-thumbnail size-thumbnail\" alt=\"\" srcset=\"http:\/\/trigonometrie.bplaced.net\/blog\/wp-content\/uploads\/2015\/10\/tbot_001-150x150.jpg 150w, http:\/\/trigonometrie.bplaced.net\/blog\/wp-content\/uploads\/2015\/10\/tbot_001-53x53.jpg 53w, http:\/\/trigonometrie.bplaced.net\/blog\/wp-content\/uploads\/2015\/10\/tbot_001-570x570.jpg 570w, http:\/\/trigonometrie.bplaced.net\/blog\/wp-content\/uploads\/2015\/10\/tbot_001-380x380.jpg 380w, http:\/\/trigonometrie.bplaced.net\/blog\/wp-content\/uploads\/2015\/10\/tbot_001-285x285.jpg 285w\" sizes=\"(max-width: 144px) 100vw, 144px\" \/><\/a>\n\t\t\t<\/dt><\/dl><dl class='gallery-item'>\n\t\t\t<dt class='gallery-icon landscape'>\n\t\t\t\t<a href='http:\/\/trigonometrie.bplaced.net\/blog\/wp-content\/uploads\/2015\/10\/tbot_009.jpg'><img loading=\"lazy\" decoding=\"async\" width=\"144\" height=\"144\" src=\"http:\/\/trigonometrie.bplaced.net\/blog\/wp-content\/uploads\/2015\/10\/tbot_009-150x150.jpg\" class=\"attachment-thumbnail size-thumbnail\" alt=\"\" srcset=\"http:\/\/trigonometrie.bplaced.net\/blog\/wp-content\/uploads\/2015\/10\/tbot_009-150x150.jpg 150w, http:\/\/trigonometrie.bplaced.net\/blog\/wp-content\/uploads\/2015\/10\/tbot_009-53x53.jpg 53w, http:\/\/trigonometrie.bplaced.net\/blog\/wp-content\/uploads\/2015\/10\/tbot_009-570x570.jpg 570w, http:\/\/trigonometrie.bplaced.net\/blog\/wp-content\/uploads\/2015\/10\/tbot_009-380x380.jpg 380w, http:\/\/trigonometrie.bplaced.net\/blog\/wp-content\/uploads\/2015\/10\/tbot_009-285x285.jpg 285w\" sizes=\"(max-width: 144px) 100vw, 144px\" \/><\/a>\n\t\t\t<\/dt><\/dl><dl class='gallery-item'>\n\t\t\t<dt class='gallery-icon landscape'>\n\t\t\t\t<a href='http:\/\/trigonometrie.bplaced.net\/blog\/wp-content\/uploads\/2015\/10\/tbot_002.jpg'><img loading=\"lazy\" decoding=\"async\" width=\"144\" height=\"144\" src=\"http:\/\/trigonometrie.bplaced.net\/blog\/wp-content\/uploads\/2015\/10\/tbot_002-150x150.jpg\" class=\"attachment-thumbnail size-thumbnail\" alt=\"\" srcset=\"http:\/\/trigonometrie.bplaced.net\/blog\/wp-content\/uploads\/2015\/10\/tbot_002-150x150.jpg 150w, http:\/\/trigonometrie.bplaced.net\/blog\/wp-content\/uploads\/2015\/10\/tbot_002-53x53.jpg 53w, http:\/\/trigonometrie.bplaced.net\/blog\/wp-content\/uploads\/2015\/10\/tbot_002-570x570.jpg 570w, http:\/\/trigonometrie.bplaced.net\/blog\/wp-content\/uploads\/2015\/10\/tbot_002-380x380.jpg 380w, http:\/\/trigonometrie.bplaced.net\/blog\/wp-content\/uploads\/2015\/10\/tbot_002-285x285.jpg 285w\" sizes=\"(max-width: 144px) 100vw, 144px\" \/><\/a>\n\t\t\t<\/dt><\/dl><br style=\"clear: both\" \/>\n\t\t<\/div>\n\n<p>&nbsp;<\/p>\n","protected":false},"excerpt":{"rendered":"<p>terrorBot terrorBot ist ein eigens konzeptionierter und entwickelter Roboter zur Fernsteuerung der Sounds eines Orange Dark Terror Gitarrrenverst\u00e4rkers durch Ver\u00e4ndern der Position der drei Drehkn\u00f6pfe (Lautst\u00e4rke, Klangfarbe und Verzerrung). Ziel war es, unter der Benutzung von g\u00fcnstigsten Materialien ein Ger\u00e4t zu schaffen, welches stabil und zuverl\u00e4ssig die Nutzungsweise des Verst\u00e4rkers erweitert. Ausf\u00fchrlichere Informationen gibt es<\/p>\n<p class=\"more-link\"><a href=\"http:\/\/trigonometrie.bplaced.net\/blog\/arduino\/\" class=\"themebutton2\">READ MORE<\/a><\/p>\n","protected":false},"author":1,"featured_media":0,"parent":0,"menu_order":0,"comment_status":"closed","ping_status":"closed","template":"","meta":{"footnotes":""},"class_list":["post-11","page","type-page","status-publish","hentry"],"_links":{"self":[{"href":"http:\/\/trigonometrie.bplaced.net\/blog\/wp-json\/wp\/v2\/pages\/11"}],"collection":[{"href":"http:\/\/trigonometrie.bplaced.net\/blog\/wp-json\/wp\/v2\/pages"}],"about":[{"href":"http:\/\/trigonometrie.bplaced.net\/blog\/wp-json\/wp\/v2\/types\/page"}],"author":[{"embeddable":true,"href":"http:\/\/trigonometrie.bplaced.net\/blog\/wp-json\/wp\/v2\/users\/1"}],"replies":[{"embeddable":true,"href":"http:\/\/trigonometrie.bplaced.net\/blog\/wp-json\/wp\/v2\/comments?post=11"}],"version-history":[{"count":0,"href":"http:\/\/trigonometrie.bplaced.net\/blog\/wp-json\/wp\/v2\/pages\/11\/revisions"}],"wp:attachment":[{"href":"http:\/\/trigonometrie.bplaced.net\/blog\/wp-json\/wp\/v2\/media?parent=11"}],"curies":[{"name":"wp","href":"https:\/\/api.w.org\/{rel}","templated":true}]}}