{"id":17,"date":"2015-07-05T14:22:35","date_gmt":"2015-07-05T12:22:35","guid":{"rendered":"http:\/\/trigonometrie.bplaced.net\/blog\/?page_id=17"},"modified":"2023-08-13T22:28:32","modified_gmt":"2023-08-13T20:28:32","slug":"about","status":"publish","type":"page","link":"http:\/\/trigonometrie.bplaced.net\/blog\/about\/","title":{"rendered":"\u00dcber mich"},"content":{"rendered":"<h2><img loading=\"lazy\" decoding=\"async\" class=\"wp-image-252 size-medium alignright\" src=\"http:\/\/trigonometrie.bplaced.net\/blog\/wp-content\/uploads\/2015\/09\/P1150621-223x300.jpg\" alt=\"P1150621\" width=\"223\" height=\"300\" srcset=\"http:\/\/trigonometrie.bplaced.net\/blog\/wp-content\/uploads\/2015\/09\/P1150621-223x300.jpg 223w, http:\/\/trigonometrie.bplaced.net\/blog\/wp-content\/uploads\/2015\/09\/P1150621-763x1024.jpg 763w, http:\/\/trigonometrie.bplaced.net\/blog\/wp-content\/uploads\/2015\/09\/P1150621.jpg 884w\" sizes=\"(max-width: 223px) 100vw, 223px\" \/>Michael Karsay<\/h2>\n<p>Geboren am 10.12.1974 in Kempten \/ Allg\u00e4u<\/p>\n<p><strong>Seit 2008<\/strong> in Berlin \/ Neuk\u00f6lln t\u00e4tig als freiberuflicher Kameramann<br \/>\n&nbsp;<br \/>\n&nbsp;<br \/>\nHobby Seitenprojekte:<\/p>\n<p><strong>2014&nbsp;<\/strong> Entwicklung und Bau des <a href=\"http:\/\/trigonometrie.bplaced.net\/blog\/arduino\/\">Prototypen f\u00fcr einen Roboter<\/a><br \/>\nzur Fernbedienung der Drehkn\u00f6pfe eines Gitarrenverst\u00e4rkers<\/p>\n<p><strong>2007&nbsp; <\/strong>Programmierung eines <a href=\"http:\/\/trigonometrie.bplaced.net\/blog\/processing\/\">Figuren Generators<\/a> mit Processing,<br \/>\neiner auf Java basierenden Programmiersprache<br \/>\n&nbsp;<br \/>\n&nbsp;<\/p>\n","protected":false},"excerpt":{"rendered":"<p>Michael Karsay Geboren am 10.12.1974 in Kempten \/ Allg\u00e4u Seit 2008 in Berlin \/ Neuk\u00f6lln t\u00e4tig als freiberuflicher Kameramann &nbsp; &nbsp; Hobby Seitenprojekte: 2014&nbsp; Entwicklung und Bau des Prototypen f\u00fcr einen Roboter zur Fernbedienung der Drehkn\u00f6pfe eines Gitarrenverst\u00e4rkers 2007&nbsp; Programmierung eines Figuren Generators mit Processing, einer auf Java basierenden Programmiersprache &nbsp; &nbsp;<\/p>\n","protected":false},"author":1,"featured_media":0,"parent":0,"menu_order":0,"comment_status":"closed","ping_status":"closed","template":"","meta":{"footnotes":""},"class_list":["post-17","page","type-page","status-publish","hentry"],"_links":{"self":[{"href":"http:\/\/trigonometrie.bplaced.net\/blog\/wp-json\/wp\/v2\/pages\/17"}],"collection":[{"href":"http:\/\/trigonometrie.bplaced.net\/blog\/wp-json\/wp\/v2\/pages"}],"about":[{"href":"http:\/\/trigonometrie.bplaced.net\/blog\/wp-json\/wp\/v2\/types\/page"}],"author":[{"embeddable":true,"href":"http:\/\/trigonometrie.bplaced.net\/blog\/wp-json\/wp\/v2\/users\/1"}],"replies":[{"embeddable":true,"href":"http:\/\/trigonometrie.bplaced.net\/blog\/wp-json\/wp\/v2\/comments?post=17"}],"version-history":[{"count":0,"href":"http:\/\/trigonometrie.bplaced.net\/blog\/wp-json\/wp\/v2\/pages\/17\/revisions"}],"wp:attachment":[{"href":"http:\/\/trigonometrie.bplaced.net\/blog\/wp-json\/wp\/v2\/media?parent=17"}],"curies":[{"name":"wp","href":"https:\/\/api.w.org\/{rel}","templated":true}]}}