{"id":19,"date":"2015-07-05T14:22:56","date_gmt":"2015-07-05T12:22:56","guid":{"rendered":"http:\/\/trigonometrie.bplaced.net\/blog\/?page_id=19"},"modified":"2023-08-13T20:53:14","modified_gmt":"2023-08-13T18:53:14","slug":"kontakt","status":"publish","type":"page","link":"http:\/\/trigonometrie.bplaced.net\/blog\/kontakt\/","title":{"rendered":"Kontakt"},"content":{"rendered":"<h2><img loading=\"lazy\" decoding=\"async\" class=\"wp-image-252 size-medium alignright\" src=\"http:\/\/trigonometrie.bplaced.net\/blog\/wp-content\/uploads\/2015\/09\/P1150621-223x300.jpg\" alt=\"P1150621\" width=\"223\" height=\"300\" srcset=\"http:\/\/trigonometrie.bplaced.net\/blog\/wp-content\/uploads\/2015\/09\/P1150621-223x300.jpg 223w, http:\/\/trigonometrie.bplaced.net\/blog\/wp-content\/uploads\/2015\/09\/P1150621-763x1024.jpg 763w, http:\/\/trigonometrie.bplaced.net\/blog\/wp-content\/uploads\/2015\/09\/P1150621.jpg 884w\" sizes=\"(max-width: 223px) 100vw, 223px\" \/>Michael Karsay<\/h2>\n<p>Geboren am 10.12.1974 in Kempten \/ Allg\u00e4u<\/p>\n<p><strong>Seit 2008<\/strong> in Berlin \/ Neuk\u00f6lln und t\u00e4tig als freiberuflicher Kameramann<\/p>\n<p>&nbsp;<br \/>\nHobby Seitenprojekte:<\/p>\n<p><strong>2014&nbsp;<\/strong> Entwicklung und Bau des <a href=\"http:\/\/trigonometrie.bplaced.net\/blog\/arduino\/\">Prototypen f\u00fcr einen Roboter<\/a><br \/>\nzur Fernbedienung der Drehkn\u00f6pfe eines Gitarrenverst\u00e4rkers<\/p>\n<p><strong>Seit 2012<\/strong>&nbsp; Entwicklung eines Android <a href=\"http:\/\/trigonometrie.bplaced.net\/blog\/android\/\">Theme f\u00fcr HTC Sense<\/a><\/p>\n<p><strong>2007&nbsp;&nbsp; &nbsp;<\/strong>Programmierung eines <a href=\"http:\/\/trigonometrie.bplaced.net\/blog\/processing\/\">Figuren Generators<\/a> mit Processing,<br \/>\neiner auf Java basierenden Programmiersprache<br \/>\n&nbsp;<br \/>\n&nbsp;<br \/>\n&nbsp;<\/p>\n","protected":false},"excerpt":{"rendered":"<p>Michael Karsay Geboren am 10.12.1974 in Kempten \/ Allg\u00e4u Seit 2008 in Berlin \/ Neuk\u00f6lln und t\u00e4tig als freiberuflicher Kameramann &nbsp; Hobby Seitenprojekte: 2014&nbsp; Entwicklung und Bau des Prototypen f\u00fcr einen Roboter zur Fernbedienung der Drehkn\u00f6pfe eines Gitarrenverst\u00e4rkers Seit 2012&nbsp; Entwicklung eines Android Theme f\u00fcr HTC Sense 2007&nbsp;&nbsp; &nbsp;Programmierung eines Figuren Generators mit Processing, einer<\/p>\n<p class=\"more-link\"><a href=\"http:\/\/trigonometrie.bplaced.net\/blog\/kontakt\/\" class=\"themebutton2\">READ MORE<\/a><\/p>\n","protected":false},"author":1,"featured_media":0,"parent":0,"menu_order":0,"comment_status":"closed","ping_status":"closed","template":"","meta":{"footnotes":""},"class_list":["post-19","page","type-page","status-publish","hentry"],"_links":{"self":[{"href":"http:\/\/trigonometrie.bplaced.net\/blog\/wp-json\/wp\/v2\/pages\/19"}],"collection":[{"href":"http:\/\/trigonometrie.bplaced.net\/blog\/wp-json\/wp\/v2\/pages"}],"about":[{"href":"http:\/\/trigonometrie.bplaced.net\/blog\/wp-json\/wp\/v2\/types\/page"}],"author":[{"embeddable":true,"href":"http:\/\/trigonometrie.bplaced.net\/blog\/wp-json\/wp\/v2\/users\/1"}],"replies":[{"embeddable":true,"href":"http:\/\/trigonometrie.bplaced.net\/blog\/wp-json\/wp\/v2\/comments?post=19"}],"version-history":[{"count":0,"href":"http:\/\/trigonometrie.bplaced.net\/blog\/wp-json\/wp\/v2\/pages\/19\/revisions"}],"wp:attachment":[{"href":"http:\/\/trigonometrie.bplaced.net\/blog\/wp-json\/wp\/v2\/media?parent=19"}],"curies":[{"name":"wp","href":"https:\/\/api.w.org\/{rel}","templated":true}]}}