{"id":9,"date":"2015-07-05T14:21:00","date_gmt":"2015-07-05T12:21:00","guid":{"rendered":"http:\/\/trigonometrie.bplaced.net\/blog\/?page_id=9"},"modified":"2015-10-07T13:21:01","modified_gmt":"2015-10-07T11:21:01","slug":"android","status":"publish","type":"page","link":"http:\/\/trigonometrie.bplaced.net\/blog\/android\/","title":{"rendered":"Android"},"content":{"rendered":"<h2>Inverted Sense7 Theme for HTC One M9<\/h2>\n<p><img loading=\"lazy\" decoding=\"async\" class=\"alignnone size-full wp-image-295\" src=\"http:\/\/trigonometrie.bplaced.net\/blog\/wp-content\/uploads\/2015\/10\/blackVenoM_logo2.png\" alt=\"blackVenoM_logo2\" width=\"980\" height=\"632\" srcset=\"http:\/\/trigonometrie.bplaced.net\/blog\/wp-content\/uploads\/2015\/10\/blackVenoM_logo2.png 980w, http:\/\/trigonometrie.bplaced.net\/blog\/wp-content\/uploads\/2015\/10\/blackVenoM_logo2-300x193.png 300w\" sizes=\"(max-width: 980px) 100vw, 980px\" \/><\/p>\n<p>Mit blackVenoM9 kann die Benutzeroberfl\u00e4che auf HTC Smartphones farblich nach eigenen W\u00fcnschen angepasst werden.<br \/>\nNeben den neun vorgefertigten Farbt\u00f6nen kann der Benutzer selbst eigene Farben f\u00fcr Hintergr\u00fcnde, Schriftfarbe, uvm. definieren.<br \/>\nDer Support- und Entwicklungsthread f\u00fcr das HTC One M9 auf XDA-Developers ist <a href=\"http:\/\/forum.xda-developers.com\/one-m9\/themes-apps\/theme-redvenom9-dark-theme-viperone-v1-t3099461\" target=\"_blank\">hier<\/a> zu finden.<\/p>\n<p>Hier ein paar vorher &#8211; nacher Bilder:<\/p>\n<p><img loading=\"lazy\" decoding=\"async\" class=\"alignnone size-full wp-image-265\" src=\"http:\/\/trigonometrie.bplaced.net\/blog\/wp-content\/uploads\/2015\/07\/blackVenoM9.gif\" alt=\"blackVenoM9\" width=\"980\" height=\"696\" \/><br \/>\n&nbsp;<\/p>\n<h2>App Entwicklung<\/h2>\n<p><img loading=\"lazy\" decoding=\"async\" src=\"http:\/\/trigonometrie.bplaced.net\/blog\/wp-content\/uploads\/2015\/07\/code.png\" alt=\"code\" width=\"990\" height=\"402\" class=\"alignnone size-full wp-image-368\" srcset=\"http:\/\/trigonometrie.bplaced.net\/blog\/wp-content\/uploads\/2015\/07\/code.png 990w, http:\/\/trigonometrie.bplaced.net\/blog\/wp-content\/uploads\/2015\/07\/code-300x122.png 300w\" sizes=\"(max-width: 990px) 100vw, 990px\" \/><\/p>\n<h3>GeoNotes<\/h3>\n<p>App zur Erfassung von ortsbezogenen Notizen<\/p>\n\n\t\t<style type=\"text\/css\">\n\t\t\t#gallery-1 {\n\t\t\t\tmargin: auto;\n\t\t\t}\n\t\t\t#gallery-1 .gallery-item {\n\t\t\t\tfloat: left;\n\t\t\t\tmargin-top: 10px;\n\t\t\t\ttext-align: center;\n\t\t\t\twidth: 25%;\n\t\t\t}\n\t\t\t#gallery-1 img {\n\t\t\t\tborder: 2px solid #cfcfcf;\n\t\t\t}\n\t\t\t#gallery-1 .gallery-caption {\n\t\t\t\tmargin-left: 0;\n\t\t\t}\n\t\t\t\/* see gallery_shortcode() in wp-includes\/media.php *\/\n\t\t<\/style>\n\t\t<div id='gallery-1' class='gallery galleryid-9 gallery-columns-4 gallery-size-medium'><dl class='gallery-item'>\n\t\t\t<dt class='gallery-icon portrait'>\n\t\t\t\t<a href='http:\/\/trigonometrie.bplaced.net\/blog\/wp-content\/uploads\/2015\/09\/and_pg_010.png'><img loading=\"lazy\" decoding=\"async\" width=\"169\" height=\"300\" src=\"http:\/\/trigonometrie.bplaced.net\/blog\/wp-content\/uploads\/2015\/09\/and_pg_010-169x300.png\" class=\"attachment-medium size-medium\" alt=\"\" srcset=\"http:\/\/trigonometrie.bplaced.net\/blog\/wp-content\/uploads\/2015\/09\/and_pg_010-169x300.png 169w, http:\/\/trigonometrie.bplaced.net\/blog\/wp-content\/uploads\/2015\/09\/and_pg_010-576x1024.png 576w, http:\/\/trigonometrie.bplaced.net\/blog\/wp-content\/uploads\/2015\/09\/and_pg_010.png 1080w\" sizes=\"(max-width: 169px) 100vw, 169px\" \/><\/a>\n\t\t\t<\/dt><\/dl><dl class='gallery-item'>\n\t\t\t<dt class='gallery-icon portrait'>\n\t\t\t\t<a href='http:\/\/trigonometrie.bplaced.net\/blog\/wp-content\/uploads\/2015\/09\/and_pg_011.png'><img loading=\"lazy\" decoding=\"async\" width=\"169\" height=\"300\" src=\"http:\/\/trigonometrie.bplaced.net\/blog\/wp-content\/uploads\/2015\/09\/and_pg_011-169x300.png\" class=\"attachment-medium size-medium\" alt=\"\" srcset=\"http:\/\/trigonometrie.bplaced.net\/blog\/wp-content\/uploads\/2015\/09\/and_pg_011-169x300.png 169w, http:\/\/trigonometrie.bplaced.net\/blog\/wp-content\/uploads\/2015\/09\/and_pg_011-576x1024.png 576w, http:\/\/trigonometrie.bplaced.net\/blog\/wp-content\/uploads\/2015\/09\/and_pg_011.png 1080w\" sizes=\"(max-width: 169px) 100vw, 169px\" \/><\/a>\n\t\t\t<\/dt><\/dl><dl class='gallery-item'>\n\t\t\t<dt class='gallery-icon portrait'>\n\t\t\t\t<a href='http:\/\/trigonometrie.bplaced.net\/blog\/wp-content\/uploads\/2015\/09\/and_pg_012.png'><img loading=\"lazy\" decoding=\"async\" width=\"169\" height=\"300\" src=\"http:\/\/trigonometrie.bplaced.net\/blog\/wp-content\/uploads\/2015\/09\/and_pg_012-169x300.png\" class=\"attachment-medium size-medium\" alt=\"\" srcset=\"http:\/\/trigonometrie.bplaced.net\/blog\/wp-content\/uploads\/2015\/09\/and_pg_012-169x300.png 169w, http:\/\/trigonometrie.bplaced.net\/blog\/wp-content\/uploads\/2015\/09\/and_pg_012-576x1024.png 576w, http:\/\/trigonometrie.bplaced.net\/blog\/wp-content\/uploads\/2015\/09\/and_pg_012.png 1080w\" sizes=\"(max-width: 169px) 100vw, 169px\" \/><\/a>\n\t\t\t<\/dt><\/dl><dl class='gallery-item'>\n\t\t\t<dt class='gallery-icon portrait'>\n\t\t\t\t<a href='http:\/\/trigonometrie.bplaced.net\/blog\/wp-content\/uploads\/2015\/10\/and_pg_013.jpg'><img loading=\"lazy\" decoding=\"async\" width=\"169\" height=\"300\" src=\"http:\/\/trigonometrie.bplaced.net\/blog\/wp-content\/uploads\/2015\/10\/and_pg_013-169x300.jpg\" class=\"attachment-medium size-medium\" alt=\"\" srcset=\"http:\/\/trigonometrie.bplaced.net\/blog\/wp-content\/uploads\/2015\/10\/and_pg_013-169x300.jpg 169w, http:\/\/trigonometrie.bplaced.net\/blog\/wp-content\/uploads\/2015\/10\/and_pg_013-576x1024.jpg 576w, http:\/\/trigonometrie.bplaced.net\/blog\/wp-content\/uploads\/2015\/10\/and_pg_013.jpg 1080w\" sizes=\"(max-width: 169px) 100vw, 169px\" \/><\/a>\n\t\t\t<\/dt><\/dl><br style=\"clear: both\" \/>\n\t\t<\/div>\n\n<p>&nbsp;<\/p>\n<h3>Buchsuche<\/h3>\n<p>App zur Buchsuche in Google Books<\/p>\n\n\t\t<style type=\"text\/css\">\n\t\t\t#gallery-2 {\n\t\t\t\tmargin: auto;\n\t\t\t}\n\t\t\t#gallery-2 .gallery-item {\n\t\t\t\tfloat: left;\n\t\t\t\tmargin-top: 10px;\n\t\t\t\ttext-align: center;\n\t\t\t\twidth: 33%;\n\t\t\t}\n\t\t\t#gallery-2 img {\n\t\t\t\tborder: 2px solid #cfcfcf;\n\t\t\t}\n\t\t\t#gallery-2 .gallery-caption {\n\t\t\t\tmargin-left: 0;\n\t\t\t}\n\t\t\t\/* see gallery_shortcode() in wp-includes\/media.php *\/\n\t\t<\/style>\n\t\t<div id='gallery-2' class='gallery galleryid-9 gallery-columns-3 gallery-size-medium'><dl class='gallery-item'>\n\t\t\t<dt class='gallery-icon portrait'>\n\t\t\t\t<a href='http:\/\/trigonometrie.bplaced.net\/blog\/wp-content\/uploads\/2015\/09\/and_pg_001.png'><img loading=\"lazy\" decoding=\"async\" width=\"169\" height=\"300\" src=\"http:\/\/trigonometrie.bplaced.net\/blog\/wp-content\/uploads\/2015\/09\/and_pg_001-169x300.png\" class=\"attachment-medium size-medium\" alt=\"\" srcset=\"http:\/\/trigonometrie.bplaced.net\/blog\/wp-content\/uploads\/2015\/09\/and_pg_001-169x300.png 169w, http:\/\/trigonometrie.bplaced.net\/blog\/wp-content\/uploads\/2015\/09\/and_pg_001-576x1024.png 576w, http:\/\/trigonometrie.bplaced.net\/blog\/wp-content\/uploads\/2015\/09\/and_pg_001.png 720w\" sizes=\"(max-width: 169px) 100vw, 169px\" \/><\/a>\n\t\t\t<\/dt><\/dl><dl class='gallery-item'>\n\t\t\t<dt class='gallery-icon portrait'>\n\t\t\t\t<a href='http:\/\/trigonometrie.bplaced.net\/blog\/wp-content\/uploads\/2015\/09\/and_pg_002.png'><img loading=\"lazy\" decoding=\"async\" width=\"169\" height=\"300\" src=\"http:\/\/trigonometrie.bplaced.net\/blog\/wp-content\/uploads\/2015\/09\/and_pg_002-169x300.png\" class=\"attachment-medium size-medium\" alt=\"\" srcset=\"http:\/\/trigonometrie.bplaced.net\/blog\/wp-content\/uploads\/2015\/09\/and_pg_002-169x300.png 169w, http:\/\/trigonometrie.bplaced.net\/blog\/wp-content\/uploads\/2015\/09\/and_pg_002-576x1024.png 576w, http:\/\/trigonometrie.bplaced.net\/blog\/wp-content\/uploads\/2015\/09\/and_pg_002.png 720w\" sizes=\"(max-width: 169px) 100vw, 169px\" \/><\/a>\n\t\t\t<\/dt><\/dl><dl class='gallery-item'>\n\t\t\t<dt class='gallery-icon portrait'>\n\t\t\t\t<a href='http:\/\/trigonometrie.bplaced.net\/blog\/wp-content\/uploads\/2015\/09\/and_pg_003.png'><img loading=\"lazy\" decoding=\"async\" width=\"169\" height=\"300\" src=\"http:\/\/trigonometrie.bplaced.net\/blog\/wp-content\/uploads\/2015\/09\/and_pg_003-169x300.png\" class=\"attachment-medium size-medium\" alt=\"\" srcset=\"http:\/\/trigonometrie.bplaced.net\/blog\/wp-content\/uploads\/2015\/09\/and_pg_003-169x300.png 169w, http:\/\/trigonometrie.bplaced.net\/blog\/wp-content\/uploads\/2015\/09\/and_pg_003-576x1024.png 576w, http:\/\/trigonometrie.bplaced.net\/blog\/wp-content\/uploads\/2015\/09\/and_pg_003.png 720w\" sizes=\"(max-width: 169px) 100vw, 169px\" \/><\/a>\n\t\t\t<\/dt><\/dl><br style=\"clear: both\" \/>\n\t\t<\/div>\n\n<p>&nbsp;<\/p>\n","protected":false},"excerpt":{"rendered":"<p>Inverted Sense7 Theme for HTC One M9 Mit blackVenoM9 kann die Benutzeroberfl\u00e4che auf HTC Smartphones farblich nach eigenen W\u00fcnschen angepasst werden. Neben den neun vorgefertigten Farbt\u00f6nen kann der Benutzer selbst eigene Farben f\u00fcr Hintergr\u00fcnde, Schriftfarbe, uvm. definieren. Der Support- und Entwicklungsthread f\u00fcr das HTC One M9 auf XDA-Developers ist hier zu finden. Hier ein paar<\/p>\n<p class=\"more-link\"><a href=\"http:\/\/trigonometrie.bplaced.net\/blog\/android\/\" class=\"themebutton2\">READ MORE<\/a><\/p>\n","protected":false},"author":1,"featured_media":0,"parent":0,"menu_order":0,"comment_status":"closed","ping_status":"closed","template":"","meta":{"footnotes":""},"class_list":["post-9","page","type-page","status-publish","hentry"],"_links":{"self":[{"href":"http:\/\/trigonometrie.bplaced.net\/blog\/wp-json\/wp\/v2\/pages\/9"}],"collection":[{"href":"http:\/\/trigonometrie.bplaced.net\/blog\/wp-json\/wp\/v2\/pages"}],"about":[{"href":"http:\/\/trigonometrie.bplaced.net\/blog\/wp-json\/wp\/v2\/types\/page"}],"author":[{"embeddable":true,"href":"http:\/\/trigonometrie.bplaced.net\/blog\/wp-json\/wp\/v2\/users\/1"}],"replies":[{"embeddable":true,"href":"http:\/\/trigonometrie.bplaced.net\/blog\/wp-json\/wp\/v2\/comments?post=9"}],"version-history":[{"count":1,"href":"http:\/\/trigonometrie.bplaced.net\/blog\/wp-json\/wp\/v2\/pages\/9\/revisions"}],"predecessor-version":[{"id":522,"href":"http:\/\/trigonometrie.bplaced.net\/blog\/wp-json\/wp\/v2\/pages\/9\/revisions\/522"}],"wp:attachment":[{"href":"http:\/\/trigonometrie.bplaced.net\/blog\/wp-json\/wp\/v2\/media?parent=9"}],"curies":[{"name":"wp","href":"https:\/\/api.w.org\/{rel}","templated":true}]}}